{"id":15,"date":"2022-05-04T11:35:14","date_gmt":"2022-05-04T09:35:14","guid":{"rendered":"https:\/\/www.botanicafe.sk\/?post_type=product&#038;p=15"},"modified":"2024-11-11T08:01:21","modified_gmt":"2024-11-11T07:01:21","slug":"blend-brazilia-etiopia","status":"publish","type":"product","link":"https:\/\/www.botanicafe.sk\/en\/product\/blend-brazilia-etiopia\/","title":{"rendered":"BOTANICAFE BLEND &#8211; Braz\u00edlia &#038; Eti\u00f3pia"},"content":{"rendered":"<p>&nbsp;<\/p>\n<table width=\"490\" cellspacing=\"0\" cellpadding=\"5\">\n<tbody>\n<tr valign=\"top\">\n<td bgcolor=\"#ffffff\" width=\"125\"><span style=\"font-size: medium;\"><b>Farma<\/b><\/span><\/td>\n<td bgcolor=\"#ffffff\" width=\"345\">Testi coffee, Zelinda Piovesan<\/td>\n<\/tr>\n<tr valign=\"top\">\n<td bgcolor=\"#ffffff\" width=\"125\"><span style=\"font-size: medium;\"><b>Regi\u00f3n<\/b><\/span><\/td>\n<td bgcolor=\"#ffffff\" width=\"345\">Minas Gerais, Braz\u00edlia &amp; Yirgacheffe, Eti\u00f3pia<\/td>\n<\/tr>\n<tr valign=\"top\">\n<td bgcolor=\"#ffffff\" width=\"125\"><span style=\"font-size: medium;\"><b>Spracovanie<\/b><\/span><\/td>\n<td bgcolor=\"#ffffff\" width=\"345\">Such\u00e9<\/td>\n<\/tr>\n<tr valign=\"top\">\n<td bgcolor=\"#ffffff\" width=\"125\"><span style=\"font-size: medium;\"><b>Odroda<\/b><\/span><\/td>\n<td bgcolor=\"#ffffff\" width=\"345\"><span style=\"font-size: medium;\">Red catuai &amp; Heirloom<\/span><\/td>\n<\/tr>\n<tr valign=\"top\">\n<td bgcolor=\"#ffffff\" width=\"125\"><span style=\"font-size: medium;\"><b>Chu\u0165ov\u00fd profil<\/b><\/span><\/td>\n<td bgcolor=\"#ffffff\" width=\"345\">orie\u0161ky \u2013 \u010dokol\u00e1da \u2013 ovocie<\/td>\n<\/tr>\n<\/tbody>\n<\/table>\n<p>&nbsp;<\/p>","protected":false},"excerpt":{"rendered":"<p>BOTANICAFE BLEND je nami vytvoren\u00e1 zmes k\u00e1v vyv\u00e1\u017eenej chuti s t\u00f3nmi orie\u0161kov v sladkej mlie\u010dnej \u010dokol\u00e1de s n\u00e1znakom ovocn\u00fdch t\u00f3nov lesn\u00e9ho ovocia. Zlo\u017eenie je obmie\u0148an\u00e9 po\u010das roka za \u00fa\u010delom vyu\u017eitia maxim\u00e1lne \u010derstv\u00fdch zberov pri zachovan\u00ed identick\u00e9ho chu\u0165ov\u00e9ho profilu. Mandala Blend je vhodn\u00e1 ako modern\u00e9 espresso, \u010di vynikaj\u00faci z\u00e1klad pre mlie\u010dne k\u00e1vov\u00e9 n\u00e1poje. Tento rok sme Mandala blend namie\u0161ali z dvoch vynikaj\u00facich natur\u00e1lok z direct trade Eti\u00f3pie a Braz\u00edlie. Orie\u0161kovo \u010dokol\u00e1dov\u00e1 Pinotage z Braz\u00edlie tvor\u00ed z\u00e1klad blendu, ktor\u00fa dop\u013a\u0148a ovocn\u00e1 a \u0161\u0165avnat\u00e1 Werka z regi\u00f3nu Yirgacheffe z Eti\u00f3pie. V chuti o\u010dak\u00e1vajte mix ovocia, \u010dokol\u00e1dy a orie\u0161kov. Pre maxim\u00e1lny p\u00f4\u017eitok spotrebujte k\u00e1vu do 6 mesiacov od d\u00e1tumu pra\u017eenia vyzna\u010den\u00e9ho na obale. Skladujte v suchu a pri izbovej teplote.<\/p>","protected":false},"featured_media":2099,"comment_status":"open","ping_status":"closed","template":"","meta":[],"product_cat":[16],"product_tag":[17,18],"jetpack_sharing_enabled":true,"_links":{"self":[{"href":"https:\/\/www.botanicafe.sk\/en\/wp-json\/wp\/v2\/product\/15"}],"collection":[{"href":"https:\/\/www.botanicafe.sk\/en\/wp-json\/wp\/v2\/product"}],"about":[{"href":"https:\/\/www.botanicafe.sk\/en\/wp-json\/wp\/v2\/types\/product"}],"replies":[{"embeddable":true,"href":"https:\/\/www.botanicafe.sk\/en\/wp-json\/wp\/v2\/comments?post=15"}],"wp:featuredmedia":[{"embeddable":true,"href":"https:\/\/www.botanicafe.sk\/en\/wp-json\/wp\/v2\/media\/2099"}],"wp:attachment":[{"href":"https:\/\/www.botanicafe.sk\/en\/wp-json\/wp\/v2\/media?parent=15"}],"wp:term":[{"taxonomy":"product_cat","embeddable":true,"href":"https:\/\/www.botanicafe.sk\/en\/wp-json\/wp\/v2\/product_cat?post=15"},{"taxonomy":"product_tag","embeddable":true,"href":"https:\/\/www.botanicafe.sk\/en\/wp-json\/wp\/v2\/product_tag?post=15"}],"curies":[{"name":"wp","href":"https:\/\/api.w.org\/{rel}","templated":true}]}}