{"id":31,"date":"2022-05-04T12:26:59","date_gmt":"2022-05-04T10:26:59","guid":{"rendered":"https:\/\/www.botanicafe.sk\/?page_id=31"},"modified":"2024-01-17T13:16:15","modified_gmt":"2024-01-17T12:16:15","slug":"partneri","status":"publish","type":"page","link":"https:\/\/www.botanicafe.sk\/en\/partneri\/","title":{"rendered":"Partners"},"content":{"rendered":"<div data-elementor-type=\"wp-page\" data-elementor-id=\"31\" class=\"elementor elementor-31\">\n\t\t\t\t\t\t\t\t\t<section class=\"elementor-section elementor-top-section elementor-element elementor-element-d4a521f elementor-section-boxed elementor-section-height-default elementor-section-height-default\" data-id=\"d4a521f\" data-element_type=\"section\">\n\t\t\t\t\t\t<div class=\"elementor-container elementor-column-gap-default\">\n\t\t\t\t\t<div class=\"elementor-column elementor-col-100 elementor-top-column elementor-element elementor-element-5cfa777\" data-id=\"5cfa777\" data-element_type=\"column\">\n\t\t\t<div class=\"elementor-widget-wrap elementor-element-populated\">\n\t\t\t\t\t\t\t\t<div class=\"elementor-element elementor-element-2b8acf4 elementor-position-top elementor-widget elementor-widget-image-box\" data-id=\"2b8acf4\" data-element_type=\"widget\" data-widget_type=\"image-box.default\">\n\t\t\t\t<div class=\"elementor-widget-container\">\n\t\t\t<style>\/*! elementor - v3.18.0 - 20-12-2023 *\/\n.elementor-widget-image-box .elementor-image-box-content{width:100%}@media (min-width:768px){.elementor-widget-image-box.elementor-position-left .elementor-image-box-wrapper,.elementor-widget-image-box.elementor-position-right .elementor-image-box-wrapper{display:flex}.elementor-widget-image-box.elementor-position-right .elementor-image-box-wrapper{text-align:right;flex-direction:row-reverse}.elementor-widget-image-box.elementor-position-left .elementor-image-box-wrapper{text-align:left;flex-direction:row}.elementor-widget-image-box.elementor-position-top .elementor-image-box-img{margin:auto}.elementor-widget-image-box.elementor-vertical-align-top .elementor-image-box-wrapper{align-items:flex-start}.elementor-widget-image-box.elementor-vertical-align-middle .elementor-image-box-wrapper{align-items:center}.elementor-widget-image-box.elementor-vertical-align-bottom .elementor-image-box-wrapper{align-items:flex-end}}@media (max-width:767px){.elementor-widget-image-box .elementor-image-box-img{margin-left:auto!important;margin-right:auto!important;margin-bottom:15px}}.elementor-widget-image-box .elementor-image-box-img{display:inline-block}.elementor-widget-image-box .elementor-image-box-title a{color:inherit}.elementor-widget-image-box .elementor-image-box-wrapper{text-align:center}.elementor-widget-image-box .elementor-image-box-description{margin:0}<\/style><div class=\"elementor-image-box-wrapper\"><figure class=\"elementor-image-box-img\"><a href=\"https:\/\/www.kofola.sk\" tabindex=\"-1\"><img fetchpriority=\"high\" decoding=\"async\" width=\"239\" height=\"300\" src=\"https:\/\/www.botanicafe.sk\/wp-content\/uploads\/2022\/05\/Kofola_TOC\u00a6iENA\u00a6u_LOGO-239x300.png\" class=\"attachment-medium size-medium wp-image-70\" alt=\"\" srcset=\"https:\/\/www.botanicafe.sk\/wp-content\/uploads\/2022\/05\/Kofola_TOC\u00a6iENA\u00a6u_LOGO-239x300.png 239w, https:\/\/www.botanicafe.sk\/wp-content\/uploads\/2022\/05\/Kofola_TOC\u00a6iENA\u00a6u_LOGO-300x377.png 300w, https:\/\/www.botanicafe.sk\/wp-content\/uploads\/2022\/05\/Kofola_TOC\u00a6iENA\u00a6u_LOGO-600x754.png 600w, https:\/\/www.botanicafe.sk\/wp-content\/uploads\/2022\/05\/Kofola_TOC\u00a6iENA\u00a6u_LOGO.png 705w\" sizes=\"(max-width: 239px) 100vw, 239px\" \/><\/a><\/figure><div class=\"elementor-image-box-content\"><h1 class=\"elementor-image-box-title\"><a href=\"https:\/\/www.kofola.sk\">Kofola<\/a><\/h1><p class=\"elementor-image-box-description\"><b><i>Ke\u010f ju miluje\u0161, nie je \u010do rie\u0161it.<\/i><\/b><\/p><\/div><\/div>\t\t<\/div>\n\t\t\t\t<\/div>\n\t\t\t\t<div class=\"elementor-element elementor-element-f079ee6 elementor-widget-divider--view-line elementor-widget elementor-widget-divider\" data-id=\"f079ee6\" data-element_type=\"widget\" data-widget_type=\"divider.default\">\n\t\t\t\t<div class=\"elementor-widget-container\">\n\t\t\t<style>\/*! elementor - v3.18.0 - 20-12-2023 *\/\n.elementor-widget-divider{--divider-border-style:none;--divider-border-width:1px;--divider-color:#0c0d0e;--divider-icon-size:20px;--divider-element-spacing:10px;--divider-pattern-height:24px;--divider-pattern-size:20px;--divider-pattern-url:none;--divider-pattern-repeat:repeat-x}.elementor-widget-divider .elementor-divider{display:flex}.elementor-widget-divider .elementor-divider__text{font-size:15px;line-height:1;max-width:95%}.elementor-widget-divider .elementor-divider__element{margin:0 var(--divider-element-spacing);flex-shrink:0}.elementor-widget-divider .elementor-icon{font-size:var(--divider-icon-size)}.elementor-widget-divider .elementor-divider-separator{display:flex;margin:0;direction:ltr}.elementor-widget-divider--view-line_icon .elementor-divider-separator,.elementor-widget-divider--view-line_text .elementor-divider-separator{align-items:center}.elementor-widget-divider--view-line_icon .elementor-divider-separator:after,.elementor-widget-divider--view-line_icon .elementor-divider-separator:before,.elementor-widget-divider--view-line_text .elementor-divider-separator:after,.elementor-widget-divider--view-line_text .elementor-divider-separator:before{display:block;content:\"\";border-bottom:0;flex-grow:1;border-top:var(--divider-border-width) var(--divider-border-style) var(--divider-color)}.elementor-widget-divider--element-align-left .elementor-divider .elementor-divider-separator>.elementor-divider__svg:first-of-type{flex-grow:0;flex-shrink:100}.elementor-widget-divider--element-align-left .elementor-divider-separator:before{content:none}.elementor-widget-divider--element-align-left .elementor-divider__element{margin-left:0}.elementor-widget-divider--element-align-right .elementor-divider .elementor-divider-separator>.elementor-divider__svg:last-of-type{flex-grow:0;flex-shrink:100}.elementor-widget-divider--element-align-right .elementor-divider-separator:after{content:none}.elementor-widget-divider--element-align-right .elementor-divider__element{margin-right:0}.elementor-widget-divider:not(.elementor-widget-divider--view-line_text):not(.elementor-widget-divider--view-line_icon) .elementor-divider-separator{border-top:var(--divider-border-width) var(--divider-border-style) var(--divider-color)}.elementor-widget-divider--separator-type-pattern{--divider-border-style:none}.elementor-widget-divider--separator-type-pattern.elementor-widget-divider--view-line .elementor-divider-separator,.elementor-widget-divider--separator-type-pattern:not(.elementor-widget-divider--view-line) .elementor-divider-separator:after,.elementor-widget-divider--separator-type-pattern:not(.elementor-widget-divider--view-line) .elementor-divider-separator:before,.elementor-widget-divider--separator-type-pattern:not([class*=elementor-widget-divider--view]) .elementor-divider-separator{width:100%;min-height:var(--divider-pattern-height);-webkit-mask-size:var(--divider-pattern-size) 100%;mask-size:var(--divider-pattern-size) 100%;-webkit-mask-repeat:var(--divider-pattern-repeat);mask-repeat:var(--divider-pattern-repeat);background-color:var(--divider-color);-webkit-mask-image:var(--divider-pattern-url);mask-image:var(--divider-pattern-url)}.elementor-widget-divider--no-spacing{--divider-pattern-size:auto}.elementor-widget-divider--bg-round{--divider-pattern-repeat:round}.rtl .elementor-widget-divider .elementor-divider__text{direction:rtl}.e-con-inner>.elementor-widget-divider,.e-con>.elementor-widget-divider{width:var(--container-widget-width,100%);--flex-grow:var(--container-widget-flex-grow)}<\/style>\t\t<div class=\"elementor-divider\">\n\t\t\t<span class=\"elementor-divider-separator\">\n\t\t\t\t\t\t<\/span>\n\t\t<\/div>\n\t\t\t\t<\/div>\n\t\t\t\t<\/div>\n\t\t\t\t<div class=\"elementor-element elementor-element-d02c3da elementor-position-top elementor-widget elementor-widget-image-box\" data-id=\"d02c3da\" data-element_type=\"widget\" data-widget_type=\"image-box.default\">\n\t\t\t\t<div class=\"elementor-widget-container\">\n\t\t\t<div class=\"elementor-image-box-wrapper\"><figure class=\"elementor-image-box-img\"><a href=\"https:\/\/www.karmacoffee.sk\/\" tabindex=\"-1\"><img decoding=\"async\" width=\"150\" height=\"150\" src=\"https:\/\/www.botanicafe.sk\/wp-content\/uploads\/2022\/06\/karma.png\" class=\"attachment-full size-full wp-image-2081\" alt=\"\" srcset=\"https:\/\/www.botanicafe.sk\/wp-content\/uploads\/2022\/06\/karma.png 150w, https:\/\/www.botanicafe.sk\/wp-content\/uploads\/2022\/06\/karma-100x100.png 100w, https:\/\/www.botanicafe.sk\/wp-content\/uploads\/2022\/06\/karma-12x12.png 12w\" sizes=\"(max-width: 150px) 100vw, 150px\" \/><\/a><\/figure><div class=\"elementor-image-box-content\"><h3 class=\"elementor-image-box-title\"><a href=\"https:\/\/www.karmacoffee.sk\/\">KARMA COFFEE<\/a><\/h3><p class=\"elementor-image-box-description\">Kaviare\u0148 a pra\u017eiare\u0148 k\u00e1vy v centre Liptovsk\u00e9ho Mikul\u00e1\u0161a.<\/p><\/div><\/div>\t\t<\/div>\n\t\t\t\t<\/div>\n\t\t\t\t<div class=\"elementor-element elementor-element-6033607 elementor-widget-divider--view-line elementor-widget elementor-widget-divider\" data-id=\"6033607\" data-element_type=\"widget\" data-widget_type=\"divider.default\">\n\t\t\t\t<div class=\"elementor-widget-container\">\n\t\t\t\t\t<div class=\"elementor-divider\">\n\t\t\t<span class=\"elementor-divider-separator\">\n\t\t\t\t\t\t<\/span>\n\t\t<\/div>\n\t\t\t\t<\/div>\n\t\t\t\t<\/div>\n\t\t\t\t<div class=\"elementor-element elementor-element-f22dcbe elementor-position-top elementor-widget elementor-widget-image-box\" data-id=\"f22dcbe\" data-element_type=\"widget\" data-widget_type=\"image-box.default\">\n\t\t\t\t<div class=\"elementor-widget-container\">\n\t\t\t<div class=\"elementor-image-box-wrapper\"><figure class=\"elementor-image-box-img\"><img decoding=\"async\" width=\"800\" height=\"553\" src=\"https:\/\/www.botanicafe.sk\/wp-content\/uploads\/2024\/01\/image1-3.png\" class=\"attachment-full size-full wp-image-2209\" alt=\"\" srcset=\"https:\/\/www.botanicafe.sk\/wp-content\/uploads\/2024\/01\/image1-3.png 800w, https:\/\/www.botanicafe.sk\/wp-content\/uploads\/2024\/01\/image1-3-300x207.png 300w, https:\/\/www.botanicafe.sk\/wp-content\/uploads\/2024\/01\/image1-3-768x531.png 768w, https:\/\/www.botanicafe.sk\/wp-content\/uploads\/2024\/01\/image1-3-18x12.png 18w, https:\/\/www.botanicafe.sk\/wp-content\/uploads\/2024\/01\/image1-3-600x415.png 600w\" sizes=\"(max-width: 800px) 100vw, 800px\" \/><\/figure><div class=\"elementor-image-box-content\"><h3 class=\"elementor-image-box-title\">Bake Cake<\/h3><p class=\"elementor-image-box-description\">Tvor\u00edme s citom<\/p><\/div><\/div>\t\t<\/div>\n\t\t\t\t<\/div>\n\t\t\t\t<div class=\"elementor-element elementor-element-0f4b7c2 elementor-widget-divider--view-line elementor-widget elementor-widget-divider\" data-id=\"0f4b7c2\" data-element_type=\"widget\" data-widget_type=\"divider.default\">\n\t\t\t\t<div class=\"elementor-widget-container\">\n\t\t\t\t\t<div class=\"elementor-divider\">\n\t\t\t<span class=\"elementor-divider-separator\">\n\t\t\t\t\t\t<\/span>\n\t\t<\/div>\n\t\t\t\t<\/div>\n\t\t\t\t<\/div>\n\t\t\t\t<div class=\"elementor-element elementor-element-2d97c6a elementor-position-top elementor-widget elementor-widget-image-box\" data-id=\"2d97c6a\" data-element_type=\"widget\" data-widget_type=\"image-box.default\">\n\t\t\t\t<div class=\"elementor-widget-container\">\n\t\t\t<div class=\"elementor-image-box-wrapper\"><figure class=\"elementor-image-box-img\"><img loading=\"lazy\" decoding=\"async\" width=\"1005\" height=\"305\" src=\"https:\/\/www.botanicafe.sk\/wp-content\/uploads\/2024\/01\/row-slide-logo-modre-s-popisom.png\" class=\"attachment-full size-full wp-image-2208\" alt=\"\" srcset=\"https:\/\/www.botanicafe.sk\/wp-content\/uploads\/2024\/01\/row-slide-logo-modre-s-popisom.png 1005w, https:\/\/www.botanicafe.sk\/wp-content\/uploads\/2024\/01\/row-slide-logo-modre-s-popisom-300x91.png 300w, https:\/\/www.botanicafe.sk\/wp-content\/uploads\/2024\/01\/row-slide-logo-modre-s-popisom-768x233.png 768w, https:\/\/www.botanicafe.sk\/wp-content\/uploads\/2024\/01\/row-slide-logo-modre-s-popisom-18x5.png 18w, https:\/\/www.botanicafe.sk\/wp-content\/uploads\/2024\/01\/row-slide-logo-modre-s-popisom-600x182.png 600w\" sizes=\"(max-width: 1005px) 100vw, 1005px\" \/><\/figure><div class=\"elementor-image-box-content\"><h3 class=\"elementor-image-box-title\">row &amp; slide<\/h3><p class=\"elementor-image-box-description\">Marketing Consulting Agency<\/p><\/div><\/div>\t\t<\/div>\n\t\t\t\t<\/div>\n\t\t\t\t<div class=\"elementor-element elementor-element-618fd15 elementor-widget-divider--view-line elementor-widget elementor-widget-divider\" data-id=\"618fd15\" data-element_type=\"widget\" data-widget_type=\"divider.default\">\n\t\t\t\t<div class=\"elementor-widget-container\">\n\t\t\t\t\t<div class=\"elementor-divider\">\n\t\t\t<span class=\"elementor-divider-separator\">\n\t\t\t\t\t\t<\/span>\n\t\t<\/div>\n\t\t\t\t<\/div>\n\t\t\t\t<\/div>\n\t\t\t\t<div class=\"elementor-element elementor-element-f9786d7 elementor-position-top elementor-widget elementor-widget-image-box\" data-id=\"f9786d7\" data-element_type=\"widget\" data-widget_type=\"image-box.default\">\n\t\t\t\t<div class=\"elementor-widget-container\">\n\t\t\t<div class=\"elementor-image-box-wrapper\"><figure class=\"elementor-image-box-img\"><img loading=\"lazy\" decoding=\"async\" width=\"1080\" height=\"1080\" src=\"https:\/\/www.botanicafe.sk\/wp-content\/uploads\/2024\/01\/nalepka_240111_204637.jpg\" class=\"attachment-full size-full wp-image-2207\" alt=\"\" srcset=\"https:\/\/www.botanicafe.sk\/wp-content\/uploads\/2024\/01\/nalepka_240111_204637.jpg 1080w, https:\/\/www.botanicafe.sk\/wp-content\/uploads\/2024\/01\/nalepka_240111_204637-300x300.jpg 300w, https:\/\/www.botanicafe.sk\/wp-content\/uploads\/2024\/01\/nalepka_240111_204637-1024x1024.jpg 1024w, https:\/\/www.botanicafe.sk\/wp-content\/uploads\/2024\/01\/nalepka_240111_204637-150x150.jpg 150w, https:\/\/www.botanicafe.sk\/wp-content\/uploads\/2024\/01\/nalepka_240111_204637-768x768.jpg 768w, https:\/\/www.botanicafe.sk\/wp-content\/uploads\/2024\/01\/nalepka_240111_204637-12x12.jpg 12w, https:\/\/www.botanicafe.sk\/wp-content\/uploads\/2024\/01\/nalepka_240111_204637-600x600.jpg 600w, https:\/\/www.botanicafe.sk\/wp-content\/uploads\/2024\/01\/nalepka_240111_204637-100x100.jpg 100w\" sizes=\"(max-width: 1080px) 100vw, 1080px\" \/><\/figure><div class=\"elementor-image-box-content\"><h3 class=\"elementor-image-box-title\">My Mini Cakes<\/h3><\/div><\/div>\t\t<\/div>\n\t\t\t\t<\/div>\n\t\t\t\t<div class=\"elementor-element elementor-element-8a3daab elementor-widget-divider--view-line elementor-widget elementor-widget-divider\" data-id=\"8a3daab\" data-element_type=\"widget\" data-widget_type=\"divider.default\">\n\t\t\t\t<div class=\"elementor-widget-container\">\n\t\t\t\t\t<div class=\"elementor-divider\">\n\t\t\t<span class=\"elementor-divider-separator\">\n\t\t\t\t\t\t<\/span>\n\t\t<\/div>\n\t\t\t\t<\/div>\n\t\t\t\t<\/div>\n\t\t\t\t\t<\/div>\n\t\t<\/div>\n\t\t\t\t\t\t\t<\/div>\n\t\t<\/section>\n\t\t\t\t\t\t\t<\/div>","protected":false},"excerpt":{"rendered":"<p>Kofola Ke\u010f ju miluje\u0161, nie je \u010do rie\u0161it. KARMA COFFEE Kaviare\u0148 a pra\u017eiare\u0148 k\u00e1vy v centre Liptovsk\u00e9ho Mikul\u00e1\u0161a. Bake Cake Tvor\u00edme s citom row &amp; slide Marketing Consulting Agency My Mini Cakes<\/p>","protected":false},"author":1,"featured_media":0,"parent":0,"menu_order":0,"comment_status":"closed","ping_status":"closed","template":"","meta":{"footnotes":""},"blocksy_meta":{"styles_descriptor":{"styles":{"desktop":"","tablet":"","mobile":""},"google_fonts":[],"version":6}},"jetpack_sharing_enabled":true,"_links":{"self":[{"href":"https:\/\/www.botanicafe.sk\/en\/wp-json\/wp\/v2\/pages\/31"}],"collection":[{"href":"https:\/\/www.botanicafe.sk\/en\/wp-json\/wp\/v2\/pages"}],"about":[{"href":"https:\/\/www.botanicafe.sk\/en\/wp-json\/wp\/v2\/types\/page"}],"author":[{"embeddable":true,"href":"https:\/\/www.botanicafe.sk\/en\/wp-json\/wp\/v2\/users\/1"}],"replies":[{"embeddable":true,"href":"https:\/\/www.botanicafe.sk\/en\/wp-json\/wp\/v2\/comments?post=31"}],"version-history":[{"count":20,"href":"https:\/\/www.botanicafe.sk\/en\/wp-json\/wp\/v2\/pages\/31\/revisions"}],"predecessor-version":[{"id":2215,"href":"https:\/\/www.botanicafe.sk\/en\/wp-json\/wp\/v2\/pages\/31\/revisions\/2215"}],"wp:attachment":[{"href":"https:\/\/www.botanicafe.sk\/en\/wp-json\/wp\/v2\/media?parent=31"}],"curies":[{"name":"wp","href":"https:\/\/api.w.org\/{rel}","templated":true}]}}